{"id":2,"date":"2018-12-30T12:29:17","date_gmt":"2018-12-30T11:29:17","guid":{"rendered":"http:\/\/soest-net.de\/new\/?page_id=2"},"modified":"2019-01-08T17:56:58","modified_gmt":"2019-01-08T16:56:58","slug":"dse","status":"publish","type":"page","link":"https:\/\/soest-net.de\/cn\/dse\/","title":{"rendered":"Data privacy policy"},"content":{"rendered":"<p>Personal data (usually referred to just as \u201cdata\u201d below) will only be processed by us to the extent necessary and for the purpose of providing a functional and user-friendly website, including its contents, and the services offered there.<br \/>Per Art. 4 No. 1 of Regulation (EU) 2016\/679, i.e. the General Data Protection Regulation (hereinafter referred to as the \u201cGDPR\u201d), \u201cprocessing\u201d refers to any operation or set of operations such as collection, recording, organization, structuring, storage, adaptation, alteration, retrieval, consultation, use, disclosure by transmission, dissemination, or otherwise making available, alignment, or combination, restriction, erasure, or destruction performed on personal data, whether by automated means or not.<br \/>The following privacy policy is intended to inform you in particular about the type, scope, purpose, duration, and legal basis for the processing of such data either under our own control or in conjunction with others. We also inform you below about the third-party components we use to optimize our website and improve the user experience which may result in said third parties also processing data they collect and control.<br \/>Our privacy policy is structured as follows:<br \/>I. Information about us as controllers of your data<br \/>II. The rights of users and data subjects<br \/>III. Information about the data processing<\/p>\n<p><strong>I. Information about us as controllers of your data<\/strong><br \/>The party responsible for this website (the \u201ccontroller\u201d) for purposes of data protection law is:<br \/>Martin Soest<br \/>soest. business consulting GmbH<br \/>Salzdahlumer Stra\u00dfe 196<br \/>38126 Braunschweig<br \/>Deutschland<br \/>Telefon: 0531 \/ 86688-299<br \/>Telefax: 0531 \/ 86688-291<br \/>E-Mail: info@soest-net.de<\/p>\n<p><strong>II. The rights of users and data subjects<\/strong><br \/>With regard to the data processing to be described in more detail below, users and data subjects have the right<br \/>\u2022 to confirmation of whether data concerning them is being processed, information about the data being processed, further information about the nature of the data processing, and copies of the data (cf. also Art. 15 GDPR);<br \/>\u2022 to correct or complete incorrect or incomplete data (cf. also Art. 16 GDPR);<br \/>\u2022 to the immediate deletion of data concerning them (cf. also Art. 17 DSGVO), or, alternatively, if further processing is necessary as stipulated in Art. 17 Para. 3 GDPR, to restrict said processing per Art. 18 GDPR;<br \/>\u2022 to receive copies of the data concerning them and\/or provided by them and to have the same transmitted to other providers\/controllers (cf. also Art. 20 GDPR);<br \/>\u2022 to file complaints with the supervisory authority if they believe that data concerning them is being processed by the controller in breach of data protection provisions (see also Art. 77 GDPR).<br \/>In addition, the controller is obliged to inform all recipients to whom it discloses data of any such corrections, deletions, or restrictions placed on processing the same per Art. 16, 17 Para. 1, 18 GDPR. However, this obligation does not apply if such notification is impossible or involves a disproportionate effort. Nevertheless, users have a right to information about these recipients.<br \/>Likewise, under Art. 21 GDPR, users and data subjects have the right to object to the controller\u2019s future processing of their data pursuant to Art. 6 Para. 1 lit. f) GDPR. In particular, an objection to data processing for the purpose of direct advertising is permissible.<\/p>\n<p><strong>III. Information about the data processing<\/strong><br \/>Your data processed when using our website will be deleted or blocked as soon as the purpose for its storage ceases to apply, provided the deletion of the same is not in breach of any statutory storage obligations or unless otherwise stipulated below.<br \/>Cookies<br \/>a) Session cookies<br \/>We use cookies on our website. Cookies are small text files or other storage technologies stored on your computer by your browser. These cookies process certain specific information about you, such as your browser, location data, or IP address.<br \/>This processing makes our website more user-friendly, efficient, and secure, allowing us, for example, to display our website in different languages or to offer a shopping cart function.<br \/>The legal basis for such processing is Art. 6 Para. 1 lit. b) GDPR, insofar as these cookies are used to collect data to initiate or process contractual relationships.<br \/>If the processing does not serve to initiate or process a contract, our legitimate interest lies in improving the functionality of our website. The legal basis is then Art. 6 Para. 1 lit. f) GDPR.<br \/>When you close your browser, these session cookies are deleted.<br \/>b) Third-party cookies<br \/>If necessary, our website may also use cookies from companies with whom we cooperate for the purpose of advertising, analyzing, or improving the features of our website.<br \/>Please refer to the following information for details, in particular for the legal basis and purpose of such third-party collection and processing of data collected through cookies.<br \/>c) Disabling cookies<br \/>You can refuse the use of cookies by changing the settings on your browser. Likewise, you can use the browser to delete cookies that have already been stored. However, the steps and measures required vary, depending on the browser you use. If you have any questions, please use the help function or consult the documentation for your browser or contact its maker for support. Browser settings cannot prevent so-called flash cookies from being set. Instead, you will need to change the setting of your Flash player. The steps and measures required for this also depend on the Flash player you are using. If you have any questions, please use the help function or consult the documentation for your Flash player or contact its maker for support.<br \/>If you prevent or restrict the installation of cookies, not all of the functions on our site may be fully usable.<\/p>\n<p><strong>IV. Copyright<\/strong><\/p>\n<p>The content and works on these pages created by the site operators are subject to German copyright law. The reproduction, processing, distribution and any kind of exploitation outside the limits of copyright require the written consent of the respective author or creator. Downloads and copies of this site are for private, non-commercial use only.<\/p>\n<p>As far as the contents on this site were not created by the operator, the copyrights of third parties are respected. In particular contents of third parties are marked as such. If you should still be aware of a copyright infringement, we kindly ask for a note. Upon notification of violations, we will remove such content immediately.<\/p>\n<p><strong>WordPress Stats<\/strong><br \/>We use WordPress.com-Stats on our website. This is a web analytics service provided by Automattic Inc., 60 29th Street #343, San Francisco, CA 94110-4929, USA, using the tracking technology of Quantcast Inc., 201 3rd St, Floor 2, San Francisco, CA 94103-3153, USA and comScore Inc., 11950 Democracy Drive, Suite 600 Reston, VA 20190, USA.<br \/>You can opt out of future data usage by Quantcast by setting an opt-out cookie in your browser by following this link:<br \/>http:\/\/www.quantcast.com\/opt-out<br \/>You can opt out of future data usage by comScore by setting an opt-out cookie in your browser by following this link:<br \/>http:\/\/www.scorecardresearch.com\/OptOutTag.aspx<br \/>Should you delete all cookies from your computer, you will need to set the opt-out cookies again.<\/p>\n<p>\u00a0<\/p>\n<p>\u00a0<\/p>\n<p>\u00a0<\/p>\n\n\n<h2>Deutsch<\/h2>\n\n\n\n<p>Personenbezogene Daten (nachfolgend zumeist nur \u201eDaten\u201c genannt) werden von uns nur im Rahmen der Erforderlichkeit sowie zum Zwecke der Bereitstellung eines funktionsf\u00e4higen und nutzerfreundlichen Internetauftritts, inklusive seiner Inhalte und der dort angebotenen Leistungen, verarbeitet.<br>Gem\u00e4\u00df Art. 4 Ziffer 1. der Verordnung (EU) 2016\/679, also der Datenschutz-Grundverordnung (nachfolgend nur \u201eDSGVO\u201c genannt), gilt als \u201eVerarbeitung\u201c jeder mit oder ohne Hilfe automatisierter Verfahren ausgef\u00fchrter Vorgang oder jede solche Vorgangsreihe im Zusammenhang mit personenbezogenen Daten, wie das Erheben, das Erfassen, die Organisation, das Ordnen, die Speicherung, die Anpassung oder Ver\u00e4nderung, das Auslesen, das Abfragen, die Verwendung, die Offenlegung durch \u00dcbermittlung, Verbreitung oder eine andere Form der Bereitstellung, den Abgleich oder die Verkn\u00fcpfung, die Einschr\u00e4nkung, das L\u00f6schen oder die Vernichtung.<br>Mit der nachfolgenden Datenschutzerkl\u00e4rung informieren wir Sie insbesondere \u00fcber Art, Umfang, Zweck, Dauer und Rechtsgrundlage der Verarbeitung personenbezogener Daten, soweit wir entweder allein oder gemeinsam mit anderen \u00fcber die Zwecke und Mittel der Verarbeitung entscheiden. Zudem informieren wir Sie nachfolgend \u00fcber die von uns zu Optimierungszwecken sowie zur Steigerung der Nutzungsqualit\u00e4t eingesetzten Fremdkomponenten, soweit hierdurch Dritte Daten in wiederum eigener Verantwortung verarbeiten.<br>Unsere Datenschutzerkl\u00e4rung ist wie folgt gegliedert:<br>I. Informationen \u00fcber uns als Verantwortliche<br>II. Rechte der Nutzer und Betroffenen<br>III. Informationen zur Datenverarbeitung<\/p>\n\n\n\n<p><strong>I. Informationen \u00fcber uns als Verantwortliche<\/strong><br>Verantwortlicher Anbieter dieses Internetauftritts im datenschutzrechtlichen Sinne ist:<\/p>\n\n\n\n<p>Martin Soest<br>soest. business consulting GmbH<br>Salzdahlumer Stra\u00dfe 196<br>38126 Braunschweig<br>Deutschland<br>Telefon: 0531 \/ 86688-299<br>Telefax: 0531 \/ 86688-291<br>E-Mail: info@soest-net.de<\/p>\n\n\n\n<p><strong>II. Rechte der Nutzer und Betroffenen<\/strong><br>Mit Blick auf die nachfolgend noch n\u00e4her beschriebene Datenverarbeitung haben die Nutzer und Betroffenen das Recht<br>\u2022\tauf Best\u00e4tigung, ob sie betreffende Daten verarbeitet werden, auf Auskunft \u00fcber die verarbeiteten Daten, auf weitere Informationen \u00fcber die Datenverarbeitung sowie auf Kopien der Daten (vgl. auch Art. 15 DSGVO);<br>\u2022\tauf Berichtigung oder Vervollst\u00e4ndigung unrichtiger bzw. unvollst\u00e4ndiger Daten (vgl. auch Art. 16 DSGVO);<br>\u2022\tauf unverz\u00fcgliche L\u00f6schung der sie betreffenden Daten (vgl. auch Art. 17 DSGVO), oder, alternativ, soweit eine weitere Verarbeitung gem\u00e4\u00df Art. 17 Abs. 3 DSGVO erforderlich ist, auf Einschr\u00e4nkung der Verarbeitung nach Ma\u00dfgabe von Art. 18 DSGVO;<br>\u2022\tauf Erhalt der sie betreffenden und von ihnen bereitgestellten Daten und auf \u00dcbermittlung dieser Daten an andere Anbieter\/Verantwortliche (vgl. auch Art. 20 DSGVO);<br>\u2022\tauf Beschwerde gegen\u00fcber der Aufsichtsbeh\u00f6rde, sofern sie der Ansicht sind, dass die sie betreffenden Daten durch den Anbieter unter Versto\u00df gegen datenschutzrechtliche Bestimmungen verarbeitet werden (vgl. auch Art. 77 DSGVO).<br>Dar\u00fcber hinaus ist der Anbieter dazu verpflichtet, alle Empf\u00e4nger, denen gegen\u00fcber Daten durch den Anbieter offengelegt worden sind, \u00fcber jedwede Berichtigung oder L\u00f6schung von Daten oder die Einschr\u00e4nkung der Verarbeitung, die aufgrund der Artikel 16, 17 Abs. 1, 18 DSGVO erfolgt, zu unterrichten. Diese Verpflichtung besteht jedoch nicht, soweit diese Mitteilung unm\u00f6glich oder mit einem unverh\u00e4ltnism\u00e4\u00dfigen Aufwand verbunden ist. Unbeschadet dessen hat der Nutzer ein Recht auf Auskunft \u00fcber diese Empf\u00e4nger.<br>Ebenfalls haben die Nutzer und Betroffenen nach Art. 21 DSGVO das Recht auf Widerspruch gegen die k\u00fcnftige Verarbeitung der sie betreffenden Daten, sofern die Daten durch den Anbieter nach Ma\u00dfgabe von Art. 6 Abs. 1 lit. f) DSGVO verarbeitet werden. Insbesondere ist ein Widerspruch gegen die Datenverarbeitung zum Zwecke der Direktwerbung statthaft.<\/p>\n\n\n\n<p><strong>III. Informationen zur Datenverarbeitung<\/strong><br>Ihre bei Nutzung unseres Internetauftritts verarbeiteten Daten werden gel\u00f6scht oder gesperrt, sobald der Zweck der Speicherung entf\u00e4llt, der L\u00f6schung der Daten keine gesetzlichen Aufbewahrungspflichten entgegenstehen und nachfolgend keine anderslautenden Angaben zu einzelnen Verarbeitungsverfahren gemacht werden.<br>Cookies<br>a) Sitzungs-Cookies\/Session-Cookies<br>Wir verwenden mit unserem Internetauftritt sog. Cookies. Cookies sind kleine Textdateien oder andere Speichertechnologien, die durch den von Ihnen eingesetzten Internet-Browser auf Ihrem Endger\u00e4t ablegt und gespeichert werden. Durch diese Cookies werden im individuellen Umfang bestimmte Informationen von Ihnen, wie beispielsweise Ihre Browser- oder Standortdaten oder Ihre IP-Adresse, verarbeitet.<br>Durch diese Verarbeitung wird unser Internetauftritt benutzerfreundlicher, effektiver und sicherer, da die Verarbeitung bspw. die Wiedergabe unseres Internetauftritts in unterschiedlichen Sprachen oder das Angebot einer Warenkorbfunktion erm\u00f6glicht.<br>Rechtsgrundlage dieser Verarbeitung ist Art. 6 Abs. 1 lit b.) DSGVO, sofern diese Cookies Daten zur Vertragsanbahnung oder Vertragsabwicklung verarbeitet werden.<br>Falls die Verarbeitung nicht der Vertragsanbahnung oder Vertragsabwicklung dient, liegt unser berechtigtes Interesse in der Verbesserung der Funktionalit\u00e4t unseres Internetauftritts. Rechtsgrundlage ist in dann Art. 6 Abs. 1 lit. f) DSGVO.<br>Mit Schlie\u00dfen Ihres Internet-Browsers werden diese Session-Cookies gel\u00f6scht.<br>b) Drittanbieter-Cookies<br>Gegebenenfalls werden mit unserem Internetauftritt auch Cookies von Partnerunternehmen, mit denen wir zum Zwecke der Werbung, der Analyse oder der Funktionalit\u00e4ten unseres Internetauftritts zusammenarbeiten, verwendet.<br>Die Einzelheiten hierzu, insbesondere zu den Zwecken und den Rechtsgrundlagen der Verarbeitung solcher Drittanbieter-Cookies, entnehmen Sie bitte den nachfolgenden Informationen.<br>c) Beseitigungsm\u00f6glichkeit<br>Sie k\u00f6nnen die Installation der Cookies durch eine Einstellung Ihres Internet-Browsers verhindern oder einschr\u00e4nken. Ebenfalls k\u00f6nnen Sie bereits gespeicherte Cookies jederzeit l\u00f6schen. Die hierf\u00fcr erforderlichen Schritte und Ma\u00dfnahmen h\u00e4ngen jedoch von Ihrem konkret genutzten Internet-Browser ab. Bei Fragen benutzen Sie daher bitte die Hilfefunktion oder Dokumentation Ihres Internet-Browsers oder wenden sich an dessen Hersteller bzw. Support. Bei sog. Flash-Cookies kann die Verarbeitung allerdings nicht \u00fcber die Einstellungen des Browsers unterbunden werden. Stattdessen m\u00fcssen Sie insoweit die Einstellung Ihres Flash-Players \u00e4ndern. Auch die hierf\u00fcr erforderlichen Schritte und Ma\u00dfnahmen h\u00e4ngen von Ihrem konkret genutzten Flash-Player ab. Bei Fragen benutzen Sie daher bitte ebenso die Hilfefunktion oder Dokumentation Ihres Flash-Players oder wenden sich an den Hersteller bzw. Benutzer-Support.<br>Sollten Sie die Installation der Cookies verhindern oder einschr\u00e4nken, kann dies allerdings dazu f\u00fchren, dass nicht s\u00e4mtliche Funktionen unseres Internetauftritts vollumf\u00e4nglich nutzbar sind.<br>Kontaktanfragen \/ Kontaktm\u00f6glichkeit<br>Sofern Sie per Kontaktformular oder E-Mail mit uns in Kontakt treten, werden die dabei von Ihnen angegebenen Daten zur Bearbeitung Ihrer Anfrage genutzt. Die Angabe der Daten ist zur Bearbeitung und Beantwortung Ihre Anfrage erforderlich \u2013 ohne deren Bereitstellung k\u00f6nnen wir Ihre Anfrage nicht oder allenfalls eingeschr\u00e4nkt beantworten.<br>Rechtsgrundlage f\u00fcr diese Verarbeitung ist Art. 6 Abs. 1 lit. b) DSGVO.<br>Ihre Daten werden gel\u00f6scht, sofern Ihre Anfrage abschlie\u00dfend beantwortet worden ist und der L\u00f6schung keine gesetzlichen Aufbewahrungspflichten entgegenstehen, wie bspw. bei einer sich etwaig anschlie\u00dfenden Vertragsabwicklung.<\/p>\n\n\n\n<p><strong>IV.\u00a0Urheberrecht<\/strong><br>Die durch die Seitenbetreiber erstellten Inhalte und Werke auf diesen Seiten unterliegen dem deutschen Urheberrecht. Die Vervielf\u00e4ltigung, Bearbeitung, Verbreitung und jede Art der Verwertung au\u00dferhalb der Grenzen des Urheberrechtes bed\u00fcrfen der schriftlichen Zustimmung des jeweiligen Autors bzw. Erstellers. Downloads und Kopien dieser Seite sind nur f\u00fcr den privaten, nicht kommerziellen Gebrauch gestattet. Soweit die Inhalte auf dieser Seite nicht vom Betreiber erstellt wurden, werden die Urheberrechte Dritter beachtet. Insbesondere werden Inhalte Dritter als solche gekennzeichnet. Sollten Sie trotzdem auf eine Urheberrechtsverletzung aufmerksam werden, bitten wir um einen entsprechenden Hinweis. Bei Bekanntwerden von Rechtsverletzungen werden wir derartige Inhalte umgehend entfernen.<\/p>\n\n\n\n<p><strong>WordPress Stats<\/strong><br>Diese Website benutzt WordPress.com-Stats, ein Tool zur statistischen Auswertung der Besucherzugriffe, betrieben von Automattic Inc., 60 29th Street #343, San Francisco, CA 94110-4929, USA, unter Einsatz der Trackingtechnologie von Quantcast Inc., 201 3rd St, Floor 2, San Francisco, CA 94103-3153, USA und comScore Inc., 11950 Democracy Drive, Suite 600 Reston, VA 20190, USA.. WordPress.com-Stats verwendet sog. \u201eCookies\u201c, Textdateien, die auf Ihrem Computer gespeichert werden und die eine Analyse der Benutzung der Website durch sie erm\u00f6glichen. Die durch die Cookies erzeugten Informationen \u00fcber Ihre Benutzung dieses Internetangebotes werden auf Servern in den USA gespeichert. Die IP-Adresse wird sofort nach der Verarbeitung und vor deren Speicherung anonymisiert. Sie k\u00f6nnen die Installation der Cookies durch eine entsprechende Einstellung Ihrer Browser-Software verhindern; wir weisen Sie jedoch darauf hin, dass Sie in diesem Fall gegebenenfalls nicht s\u00e4mtliche Funktionen dieser Website vollumf\u00e4nglich nutzen k\u00f6nnen.<br>Sie k\u00f6nnen der Erhebung und Nutzung der Daten durch Quantcast mit Wirkung f\u00fcr die Zukunft widersprechen, indem Sie an dieser Stelle durch einen Klick auf den Link \u201eClick here to opt-out\u201c ein Opt-Out-Cookie in Ihrem Browser setzen:<br>http:\/\/www.quantcast.com\/opt-out.<br>Sie k\u00f6nnen der Erhebung und Nutzung der Daten durch comScore mit Wirkung f\u00fcr die Zukunft widersprechen, indem Sie an dieser Stelle ein Opt-Out-Cookie in Ihrem Browser setzen:<br>http:\/\/www.scorecardresearch.com\/OptOutTag.aspx.<br>Sollten Sie alle Cookies auf ihrem Rechner l\u00f6schen, m\u00fcssen sie die Opt-Out-Cookies erneut setzen.<\/p>\n","protected":false},"excerpt":{"rendered":"<p>Personal data (usually referred to just as \u201cdata\u201d below) will only be processed by us to the extent necessary and for the purpose of providing a functional and user-friendly website, &#8230;<\/p>\n","protected":false},"author":1,"featured_media":0,"parent":0,"menu_order":0,"comment_status":"closed","ping_status":"open","template":"","meta":[],"_links":{"self":[{"href":"https:\/\/soest-net.de\/cn\/wp-json\/wp\/v2\/pages\/2"}],"collection":[{"href":"https:\/\/soest-net.de\/cn\/wp-json\/wp\/v2\/pages"}],"about":[{"href":"https:\/\/soest-net.de\/cn\/wp-json\/wp\/v2\/types\/page"}],"author":[{"embeddable":true,"href":"https:\/\/soest-net.de\/cn\/wp-json\/wp\/v2\/users\/1"}],"replies":[{"embeddable":true,"href":"https:\/\/soest-net.de\/cn\/wp-json\/wp\/v2\/comments?post=2"}],"version-history":[{"count":5,"href":"https:\/\/soest-net.de\/cn\/wp-json\/wp\/v2\/pages\/2\/revisions"}],"predecessor-version":[{"id":1632,"href":"https:\/\/soest-net.de\/cn\/wp-json\/wp\/v2\/pages\/2\/revisions\/1632"}],"wp:attachment":[{"href":"https:\/\/soest-net.de\/cn\/wp-json\/wp\/v2\/media?parent=2"}],"curies":[{"name":"wp","href":"https:\/\/api.w.org\/{rel}","templated":true}]}}